{"id":21213,"date":"2022-02-15T11:45:25","date_gmt":"2022-02-15T11:45:25","guid":{"rendered":"https:\/\/solwers.com\/?page_id=21213"},"modified":"2024-01-16T12:19:43","modified_gmt":"2024-01-16T12:19:43","slug":"foretagsmeddelanden","status":"publish","type":"page","link":"https:\/\/solwers.com\/se\/for-investerare\/foretagsmeddelanden\/","title":{"rendered":"F\u00f6retagsmeddelanden"},"content":{"rendered":"\t\t<div data-elementor-type=\"wp-page\" data-elementor-id=\"21213\" class=\"elementor elementor-21213 elementor-13281\" data-elementor-post-type=\"page\">\n\t\t\t\t\t\t<section class=\"elementor-section elementor-top-section elementor-element elementor-element-5a3fe52 elementor-section-boxed elementor-section-height-default elementor-section-height-default\" data-id=\"5a3fe52\" data-element_type=\"section\" data-e-type=\"section\" data-settings=\"{&quot;background_background&quot;:&quot;classic&quot;}\">\n\t\t\t\t\t\t<div class=\"elementor-container elementor-column-gap-default\">\n\t\t\t\t\t<div class=\"elementor-column elementor-col-50 elementor-top-column elementor-element elementor-element-f78f897\" data-id=\"f78f897\" data-element_type=\"column\" data-e-type=\"column\">\n\t\t\t<div class=\"elementor-widget-wrap elementor-element-populated\">\n\t\t\t\t\t\t<div class=\"elementor-element elementor-element-2e06950 elementor-widget elementor-widget-heading\" data-id=\"2e06950\" data-element_type=\"widget\" data-e-type=\"widget\" data-widget_type=\"heading.default\">\n\t\t\t\t<div class=\"elementor-widget-container\">\n\t\t\t\t\t<h1 class=\"elementor-heading-title elementor-size-default\">Pressmeddelanden<br><\/h1>\t\t\t\t<\/div>\n\t\t\t\t<\/div>\n\t\t\t\t<div class=\"elementor-element elementor-element-bd23f63 elementor-widget elementor-widget-text-editor\" data-id=\"bd23f63\" data-element_type=\"widget\" data-e-type=\"widget\" data-widget_type=\"text-editor.default\">\n\t\t\t\t<div class=\"elementor-widget-container\">\n\t\t\t\t\t\t\t\t\t<h5 style=\"font-style: normal\"><span style=\"color: #ffffff\">Observera att v\u00e5ra officiella kommunikationsspr\u00e5k \u00e4r engelska och finska.<\/span><\/h5>\t\t\t\t\t\t\t\t<\/div>\n\t\t\t\t<\/div>\n\t\t\t\t<div class=\"elementor-element elementor-element-0003797 elementor-align-left elementor-widget elementor-widget-button\" data-id=\"0003797\" data-element_type=\"widget\" data-e-type=\"widget\" data-widget_type=\"button.default\">\n\t\t\t\t<div class=\"elementor-widget-container\">\n\t\t\t\t\t\t\t\t\t<div class=\"elementor-button-wrapper\">\n\t\t\t\t\t<a class=\"elementor-button elementor-button-link elementor-size-sm elementor-animation-grow\" href=\"https:\/\/solwers.com\/en\/for-investors\/company-releases\/\">\n\t\t\t\t\t\t<span class=\"elementor-button-content-wrapper\">\n\t\t\t\t\t\t\t\t\t<span class=\"elementor-button-text\">Alla pressmeddelanden<\/span>\n\t\t\t\t\t<\/span>\n\t\t\t\t\t<\/a>\n\t\t\t\t<\/div>\n\t\t\t\t\t\t\t\t<\/div>\n\t\t\t\t<\/div>\n\t\t\t\t<div class=\"elementor-element elementor-element-6286423 elementor-align-left elementor-widget elementor-widget-button\" data-id=\"6286423\" data-element_type=\"widget\" data-e-type=\"widget\" data-widget_type=\"button.default\">\n\t\t\t\t<div class=\"elementor-widget-container\">\n\t\t\t\t\t\t\t\t\t<div class=\"elementor-button-wrapper\">\n\t\t\t\t\t<a class=\"elementor-button elementor-button-link elementor-size-sm elementor-animation-grow\" href=\"https:\/\/solwers.com\/for-investors\/ir-contacts\/\">\n\t\t\t\t\t\t<span class=\"elementor-button-content-wrapper\">\n\t\t\t\t\t\t\t\t\t<span class=\"elementor-button-text\">Investerare &amp; media<\/span>\n\t\t\t\t\t<\/span>\n\t\t\t\t\t<\/a>\n\t\t\t\t<\/div>\n\t\t\t\t\t\t\t\t<\/div>\n\t\t\t\t<\/div>\n\t\t\t\t\t<\/div>\n\t\t<\/div>\n\t\t\t\t<div class=\"elementor-column elementor-col-50 elementor-top-column elementor-element elementor-element-b65c98d\" data-id=\"b65c98d\" data-element_type=\"column\" data-e-type=\"column\">\n\t\t\t<div class=\"elementor-widget-wrap\">\n\t\t\t\t\t\t\t<\/div>\n\t\t<\/div>\n\t\t\t\t\t<\/div>\n\t\t<\/section>\n\t\t\t\t<section class=\"elementor-section elementor-top-section elementor-element elementor-element-547119f elementor-section-boxed elementor-section-height-default elementor-section-height-default\" data-id=\"547119f\" data-element_type=\"section\" data-e-type=\"section\">\n\t\t\t\t\t\t<div class=\"elementor-container elementor-column-gap-default\">\n\t\t\t\t\t<div class=\"elementor-column elementor-col-50 elementor-top-column elementor-element elementor-element-59f2102\" data-id=\"59f2102\" data-element_type=\"column\" data-e-type=\"column\">\n\t\t\t<div class=\"elementor-widget-wrap elementor-element-populated\">\n\t\t\t\t\t\t<div class=\"elementor-element elementor-element-6368f6d elementor-widget elementor-widget-menu-anchor\" data-id=\"6368f6d\" data-element_type=\"widget\" data-e-type=\"widget\" data-widget_type=\"menu-anchor.default\">\n\t\t\t\t<div class=\"elementor-widget-container\">\n\t\t\t\t\t\t\t<div class=\"elementor-menu-anchor\" id=\"nya\"><\/div>\n\t\t\t\t\t\t<\/div>\n\t\t\t\t<\/div>\n\t\t\t\t<div class=\"elementor-element elementor-element-7bb9f88 elementor-widget elementor-widget-heading\" data-id=\"7bb9f88\" data-element_type=\"widget\" data-e-type=\"widget\" data-widget_type=\"heading.default\">\n\t\t\t\t<div class=\"elementor-widget-container\">\n\t\t\t\t\t<h3 class=\"elementor-heading-title elementor-size-default\">Nya Pressmeddelanden <\/h3>\t\t\t\t<\/div>\n\t\t\t\t<\/div>\n\t\t\t\t<div class=\"elementor-element elementor-element-c58b0db elementor-widget elementor-widget-shortcode\" data-id=\"c58b0db\" data-element_type=\"widget\" data-e-type=\"widget\" data-widget_type=\"shortcode.default\">\n\t\t\t\t<div class=\"elementor-widget-container\">\n\t\t\t\t\t\t\t<div class=\"elementor-shortcode\">    <section data-block-id=\"cision-block\" class=\"cision-feed-wrapper\">\r\n                            <article data-regulatory=\"0\" class=\"cision-feed-item\">\r\n            <h3><\/h3>            \r\n            <h2>Solwers expanderar med anl\u00e4ggningskonstruktion i norra Sverige<\/h2>\r\n            \r\n            \r\n            <time>29.01.2024<\/time>\r\n                                    <span class=\"cision-feed-item-media\">\r\n            <img decoding=\"async\"\r\n                    src=\"https:\/\/mb.cision.com\/Public\/20584\/3916315\/9c46aacc0c86b36a_400x400ar.png\"\r\n                    alt=\"\"\r\n                    title=\"Relitor_illustration\"\r\n            \/>\r\n            <\/span>\r\n                                                <a\r\n                    href=\"https:\/\/solwers.com\/se\/\/cision\/79FDAE812DA442EE\"\r\n                    target=\"_self\"\r\n            >L\u00e4s mer<\/a>\r\n                    <\/article>\r\n                <article data-regulatory=\"0\" class=\"cision-feed-item\">\r\n            <h3><\/h3>            \r\n            <h2>WiseGate ansluter sig till Solwers \u2013 \u00f6kar koncernens kompetens inom konsultering f\u00f6r energi-industrin<\/h2>\r\n            \r\n            \r\n            <time>09.01.2024<\/time>\r\n                                    <span class=\"cision-feed-item-media\">\r\n            <img decoding=\"async\"\r\n                    src=\"https:\/\/mb.cision.com\/Public\/20584\/3906081\/92090e6a972e1fac_400x400ar.jpg\"\r\n                    alt=\"\"\r\n                    title=\"Gruppfoto 2023\"\r\n            \/>\r\n            <\/span>\r\n                                                <a\r\n                    href=\"https:\/\/solwers.com\/se\/\/cision\/52133FD67578A695\"\r\n                    target=\"_self\"\r\n            >L\u00e4s mer<\/a>\r\n                    <\/article>\r\n                <article data-regulatory=\"0\" class=\"cision-feed-item\">\r\n            <h3><\/h3>            \r\n            <h2>Solwers Oyj publicerar \u00e5rsredovisning och -rapport f\u00f6r 2022<\/h2>\r\n            \r\n            \r\n            <time>31.03.2023<\/time>\r\n                                                            <a\r\n                    href=\"https:\/\/solwers.com\/se\/\/cision\/777FA844CCB31C87\"\r\n                    target=\"_self\"\r\n            >L\u00e4s mer<\/a>\r\n                    <\/article>\r\n                <article data-regulatory=\"0\" class=\"cision-feed-item\">\r\n            <h3><\/h3>            \r\n            <h2>Solwers expanderar i Sverige genom f\u00f6retagsf\u00f6rv\u00e4rv av teknikkonsultf\u00f6retag inom j\u00e4rnv\u00e4g<\/h2>\r\n            \r\n            \r\n            <time>21.02.2023<\/time>\r\n                                                            <a\r\n                    href=\"https:\/\/solwers.com\/se\/\/cision\/71813D6A2585E6BE\"\r\n                    target=\"_self\"\r\n            >L\u00e4s mer<\/a>\r\n                    <\/article>\r\n                <article data-regulatory=\"0\" class=\"cision-feed-item\">\r\n            <h3><\/h3>            \r\n            <h2>Anna Utsi ny vd f\u00f6r konsultf\u00f6retaget Licab<\/h2>\r\n            \r\n            \r\n            <time>07.12.2022<\/time>\r\n                                    <span class=\"cision-feed-item-media\">\r\n            <img decoding=\"async\"\r\n                    src=\"https:\/\/mb.cision.com\/Public\/20584\/3678771\/829fda03f305d1b7_400x400ar.jpg\"\r\n                    alt=\"\"\r\n                    title=\"Anna Utsi portr\u00e4tt 2\"\r\n            \/>\r\n            <\/span>\r\n                                                <a\r\n                    href=\"https:\/\/solwers.com\/se\/\/cision\/8A07EAB366EA4566\"\r\n                    target=\"_self\"\r\n            >L\u00e4s mer<\/a>\r\n                    <\/article>\r\n                <article data-regulatory=\"0\" class=\"cision-feed-item\">\r\n            <h3><\/h3>            \r\n            <h2>Solwers expanderar genom f\u00f6retagsf\u00f6rv\u00e4rv till logistikkonsultverksamhet i Sverige<\/h2>\r\n            \r\n            \r\n            <time>17.05.2022<\/time>\r\n                                                            <a\r\n                    href=\"https:\/\/solwers.com\/se\/\/cision\/C9F52450D1D53DCC\"\r\n                    target=\"_self\"\r\n            >L\u00e4s mer<\/a>\r\n                    <\/article>\r\n                <article data-regulatory=\"0\" class=\"cision-feed-item\">\r\n            <h3><\/h3>            \r\n            <h2>Sabelstr\u00f6m Arkitektkontor g\u00e5r samman med Lukkaroinen Arkkitehdit<\/h2>\r\n            \r\n            \r\n            <time>23.03.2022<\/time>\r\n                                                            <a\r\n                    href=\"https:\/\/solwers.com\/se\/\/cision\/69937C647B1A2A64\"\r\n                    target=\"_self\"\r\n            >L\u00e4s mer<\/a>\r\n                    <\/article>\r\n                    <\/section>\r\n<\/div>\n\t\t\t\t\t\t<\/div>\n\t\t\t\t<\/div>\n\t\t\t\t<div class=\"elementor-element elementor-element-280e432 elementor-widget elementor-widget-menu-anchor\" data-id=\"280e432\" data-element_type=\"widget\" data-e-type=\"widget\" data-widget_type=\"menu-anchor.default\">\n\t\t\t\t<div class=\"elementor-widget-container\">\n\t\t\t\t\t\t\t<div class=\"elementor-menu-anchor\" id=\"arkiv\"><\/div>\n\t\t\t\t\t\t<\/div>\n\t\t\t\t<\/div>\n\t\t\t\t<div class=\"elementor-element elementor-element-3ef3762 elementor-widget elementor-widget-button\" data-id=\"3ef3762\" data-element_type=\"widget\" data-e-type=\"widget\" data-widget_type=\"button.default\">\n\t\t\t\t<div class=\"elementor-widget-container\">\n\t\t\t\t\t\t\t\t\t<div class=\"elementor-button-wrapper\">\n\t\t\t\t\t<a class=\"elementor-button elementor-button-link elementor-size-sm\" href=\"https:\/\/solwers.com\/se\/pressmeddelanden\/#arkiv\">\n\t\t\t\t\t\t<span class=\"elementor-button-content-wrapper\">\n\t\t\t\t\t\t\t\t\t<span class=\"elementor-button-text\">Pressmeddelanden arkiv<\/span>\n\t\t\t\t\t<\/span>\n\t\t\t\t\t<\/a>\n\t\t\t\t<\/div>\n\t\t\t\t\t\t\t\t<\/div>\n\t\t\t\t<\/div>\n\t\t\t\t\t<\/div>\n\t\t<\/div>\n\t\t\t\t<div class=\"elementor-column elementor-col-50 elementor-top-column elementor-element elementor-element-3a9a754\" data-id=\"3a9a754\" data-element_type=\"column\" data-e-type=\"column\">\n\t\t\t<div class=\"elementor-widget-wrap elementor-element-populated\">\n\t\t\t\t\t\t<div class=\"elementor-element elementor-element-39db0de elementor-widget elementor-widget-heading\" data-id=\"39db0de\" data-element_type=\"widget\" data-e-type=\"widget\" data-widget_type=\"heading.default\">\n\t\t\t\t<div class=\"elementor-widget-container\">\n\t\t\t\t\t<h5 class=\"elementor-heading-title elementor-size-default\">Vill du ha v\u00e5rt pressmeddelande direkt till e-post? Best\u00e4ll h\u00e4r.<\/h5>\t\t\t\t<\/div>\n\t\t\t\t<\/div>\n\t\t\t\t<div class=\"elementor-element elementor-element-4410671 elementor-widget elementor-widget-shortcode\" data-id=\"4410671\" data-element_type=\"widget\" data-e-type=\"widget\" data-widget_type=\"shortcode.default\">\n\t\t\t\t<div class=\"elementor-widget-container\">\n\t\t\t\t\t\t\t<div class=\"elementor-shortcode\"><script src='https:\/\/www.google.com\/recaptcha\/api.js'><\/script>\n<form method=\"post\" name=\"PageForm\"\naction=\"https:\/\/publish.ne.cision.com\/Subscription\/SubscribeWithCaptcha\">\n<input type=\"hidden\" name=\"subscriptionUniqueIdentifier\" value=\"e6b64dbf5e\" \/>\n<input type=\"hidden\" name=\"redirectUrlSubscriptionSuccess\" value=\"https:\/\/solwers.com\/thank-you-for-subscribing\/\" \/>\n<input type=\"hidden\" name=\"redirectUrlSubscriptionFailed\" value=\"https:\/\/solwers.com\/newsletter-failure\/\" \/>\n<!-- Use with own html pages urls or create own action on answers for success or failed -->\n<input type=\"hidden\" name=\"Replylanguage\" value=\"en\" \/>\n<!--<input type=\"hidden\" name=\"Replylanguage\"value=\"sv\" \/> -->\n<!-- Language for welcome and opt-in email, only one language can be posted-->\n<input type=\"checkbox\" name=\"Language\" value=\"en\" checked=\"checked\" \/>\n<label class=\"form-check-label\">In English<\/label>\n<br \/>\n<input type=\"checkbox\" name=\"Language\" value=\"fi\"  \/>\n<label class=\"form-check-label\">Suomeksi<\/label>\n<!-- <input type=\"checkbox\" name=\"Language\" value=\"fi\" checked=\"checked\" \/>\n<label class=\"form-check-label\">Finish<\/label>\n<br \/>\n<input type=\"checkbox\" name=\"Language\" value=\"no\" checked=\"checked\" \/>\n<label class=\"form-check-label\">Norwegian<\/label>\n<br \/>\n<input type=\"checkbox\" name=\"Language\" value=\"da\" checked=\"checked\" \/>\n<label class=\"form-check-label\">Danish<\/label> -->\n<br \/>\n<input type=\"hidden\" name=\"informationtype\" value=\"kmk,rpt,rdv\" checked=\"checked\" \/> \n\n<input type=\"hidden\" name=\"informationtype\" value=\"prm,nbr,inb\" checked=\"checked\" \/> \n\n<!-- <input type=\"checkbox\" name=\"informationtype\" value=\"nbr\" \/> <label>News letters<\/label> -->\n<!-- <input type=\"checkbox\" name=\"informationtype\" value=\"inb\" \/> <label>Invitation<\/label> -->\n<!-- You can split up all types of info to 6 checkboxes or like above for example-->\n <input type=\"text\" name=\"email\" placeholder=\"Email\">\n<p>&nbsp;<\/p>\n<div class=\"g-recaptcha\" data-sitekey=\"6LfGKfEiAAAAAMm8EAsoPe9r-J75WFSC4Orx9uWQ\" data-size=\"normal\" datatheme=\"light\"><\/div>\n<!-- data-size values \"compact\" or \"normal\", data-theme values \"light\" or \"dark\" -->\n<br \/>\n<input type=\"submit\" value=\"Subscribe\" \/>\n<\/form>\n<\/div>\n\t\t\t\t\t\t<\/div>\n\t\t\t\t<\/div>\n\t\t\t\t\t<\/div>\n\t\t<\/div>\n\t\t\t\t\t<\/div>\n\t\t<\/section>\n\t\t\t\t<\/div>\n\t\t","protected":false},"excerpt":{"rendered":"<p>Pressmeddelanden Observera att v\u00e5ra officiella kommunikationsspr\u00e5k \u00e4r engelska och finska. Alla pressmeddelanden Investerare &amp; media Nya Pressmeddelanden Pressmeddelanden arkiv Vill du ha v\u00e5rt pressmeddelande direkt till e-post? Best\u00e4ll h\u00e4r.<\/p>\n","protected":false},"author":2,"featured_media":0,"parent":21214,"menu_order":0,"comment_status":"closed","ping_status":"closed","template":"","meta":{"_acf_changed":false,"_monsterinsights_skip_tracking":false,"_monsterinsights_sitenote_active":false,"_monsterinsights_sitenote_note":"","_monsterinsights_sitenote_category":0,"site-sidebar-layout":"no-sidebar","site-content-layout":"page-builder","ast-site-content-layout":"","site-content-style":"default","site-sidebar-style":"default","ast-global-header-display":"","ast-banner-title-visibility":"","ast-main-header-display":"","ast-hfb-above-header-display":"","ast-hfb-below-header-display":"","ast-hfb-mobile-header-display":"","site-post-title":"disabled","ast-breadcrumbs-content":"","ast-featured-img":"disabled","footer-sml-layout":"","theme-transparent-header-meta":"","adv-header-id-meta":"","stick-header-meta":"","header-above-stick-meta":"","header-main-stick-meta":"","header-below-stick-meta":"","astra-migrate-meta-layouts":"default","ast-page-background-enabled":"default","ast-page-background-meta":{"desktop":{"background-color":"var(--ast-global-color-4)","background-image":"","background-repeat":"repeat","background-position":"center center","background-size":"auto","background-attachment":"scroll","background-type":"","background-media":"","overlay-type":"","overlay-color":"","overlay-opacity":"","overlay-gradient":""},"tablet":{"background-color":"","background-image":"","background-repeat":"repeat","background-position":"center center","background-size":"auto","background-attachment":"scroll","background-type":"","background-media":"","overlay-type":"","overlay-color":"","overlay-opacity":"","overlay-gradient":""},"mobile":{"background-color":"","background-image":"","background-repeat":"repeat","background-position":"center center","background-size":"auto","background-attachment":"scroll","background-type":"","background-media":"","overlay-type":"","overlay-color":"","overlay-opacity":"","overlay-gradient":""}},"ast-content-background-meta":{"desktop":{"background-color":"var(--ast-global-color-5)","background-image":"","background-repeat":"repeat","background-position":"center center","background-size":"auto","background-attachment":"scroll","background-type":"","background-media":"","overlay-type":"","overlay-color":"","overlay-opacity":"","overlay-gradient":""},"tablet":{"background-color":"var(--ast-global-color-5)","background-image":"","background-repeat":"repeat","background-position":"center center","background-size":"auto","background-attachment":"scroll","background-type":"","background-media":"","overlay-type":"","overlay-color":"","overlay-opacity":"","overlay-gradient":""},"mobile":{"background-color":"var(--ast-global-color-5)","background-image":"","background-repeat":"repeat","background-position":"center center","background-size":"auto","background-attachment":"scroll","background-type":"","background-media":"","overlay-type":"","overlay-color":"","overlay-opacity":"","overlay-gradient":""}},"footnotes":""},"class_list":["post-21213","page","type-page","status-publish","hentry"],"acf":[],"yoast_head":"<!-- This site is optimized with the Yoast SEO plugin v27.3 - https:\/\/yoast.com\/product\/yoast-seo-wordpress\/ -->\n<title>F\u00f6retagsmeddelanden - Solwers Oyj<\/title>\n<meta name=\"robots\" content=\"index, follow, max-snippet:-1, max-image-preview:large, max-video-preview:-1\" \/>\n<link rel=\"canonical\" href=\"https:\/\/solwers.com\/se\/for-investerare\/foretagsmeddelanden\/\" \/>\n<meta property=\"og:locale\" content=\"sv_SE\" \/>\n<meta property=\"og:type\" content=\"article\" \/>\n<meta property=\"og:title\" content=\"F\u00f6retagsmeddelanden - Solwers Oyj\" \/>\n<meta property=\"og:description\" content=\"Pressmeddelanden Observera att v\u00e5ra officiella kommunikationsspr\u00e5k \u00e4r engelska och finska. Alla pressmeddelanden Investerare &amp; media Nya Pressmeddelanden Pressmeddelanden arkiv Vill du ha v\u00e5rt pressmeddelande direkt till e-post? Best\u00e4ll h\u00e4r.\" \/>\n<meta property=\"og:url\" content=\"https:\/\/solwers.com\/se\/for-investerare\/foretagsmeddelanden\/\" \/>\n<meta property=\"og:site_name\" content=\"Solwers Oyj\" \/>\n<meta property=\"article:modified_time\" content=\"2024-01-16T12:19:43+00:00\" \/>\n<meta name=\"twitter:card\" content=\"summary_large_image\" \/>\n<meta name=\"twitter:label1\" content=\"Ber\u00e4knad l\u00e4stid\" \/>\n\t<meta name=\"twitter:data1\" content=\"1 minut\" \/>\n<script type=\"application\/ld+json\" class=\"yoast-schema-graph\">{\"@context\":\"https:\\\/\\\/schema.org\",\"@graph\":[{\"@type\":\"WebPage\",\"@id\":\"https:\\\/\\\/solwers.com\\\/se\\\/for-investerare\\\/foretagsmeddelanden\\\/\",\"url\":\"https:\\\/\\\/solwers.com\\\/se\\\/for-investerare\\\/foretagsmeddelanden\\\/\",\"name\":\"F\u00f6retagsmeddelanden - Solwers Oyj\",\"isPartOf\":{\"@id\":\"https:\\\/\\\/solwers.com\\\/se\\\/#website\"},\"datePublished\":\"2022-02-15T11:45:25+00:00\",\"dateModified\":\"2024-01-16T12:19:43+00:00\",\"breadcrumb\":{\"@id\":\"https:\\\/\\\/solwers.com\\\/se\\\/for-investerare\\\/foretagsmeddelanden\\\/#breadcrumb\"},\"inLanguage\":\"sv-SE\",\"potentialAction\":[{\"@type\":\"ReadAction\",\"target\":[\"https:\\\/\\\/solwers.com\\\/se\\\/for-investerare\\\/foretagsmeddelanden\\\/\"]}]},{\"@type\":\"BreadcrumbList\",\"@id\":\"https:\\\/\\\/solwers.com\\\/se\\\/for-investerare\\\/foretagsmeddelanden\\\/#breadcrumb\",\"itemListElement\":[{\"@type\":\"ListItem\",\"position\":1,\"name\":\"Solwers\",\"item\":\"https:\\\/\\\/solwers.com\\\/se\\\/\"},{\"@type\":\"ListItem\",\"position\":2,\"name\":\"F\u00f6r investerare\",\"item\":\"https:\\\/\\\/solwers.com\\\/se\\\/for-investerare\\\/\"},{\"@type\":\"ListItem\",\"position\":3,\"name\":\"F\u00f6retagsmeddelanden\"}]},{\"@type\":\"WebSite\",\"@id\":\"https:\\\/\\\/solwers.com\\\/se\\\/#website\",\"url\":\"https:\\\/\\\/solwers.com\\\/se\\\/\",\"name\":\"Solwers Oyj\",\"description\":\"We are Solwers\",\"publisher\":{\"@id\":\"https:\\\/\\\/solwers.com\\\/se\\\/#organization\"},\"potentialAction\":[{\"@type\":\"SearchAction\",\"target\":{\"@type\":\"EntryPoint\",\"urlTemplate\":\"https:\\\/\\\/solwers.com\\\/se\\\/?s={search_term_string}\"},\"query-input\":{\"@type\":\"PropertyValueSpecification\",\"valueRequired\":true,\"valueName\":\"search_term_string\"}}],\"inLanguage\":\"sv-SE\"},{\"@type\":\"Organization\",\"@id\":\"https:\\\/\\\/solwers.com\\\/se\\\/#organization\",\"name\":\"Solwers Oyj\",\"url\":\"https:\\\/\\\/solwers.com\\\/se\\\/\",\"logo\":{\"@type\":\"ImageObject\",\"inLanguage\":\"sv-SE\",\"@id\":\"https:\\\/\\\/solwers.com\\\/se\\\/#\\\/schema\\\/logo\\\/image\\\/\",\"url\":\"https:\\\/\\\/solwers.com\\\/wp-content\\\/uploads\\\/2022\\\/02\\\/solwers_logo_black@2x.png\",\"contentUrl\":\"https:\\\/\\\/solwers.com\\\/wp-content\\\/uploads\\\/2022\\\/02\\\/solwers_logo_black@2x.png\",\"width\":796,\"height\":120,\"caption\":\"Solwers Oyj\"},\"image\":{\"@id\":\"https:\\\/\\\/solwers.com\\\/se\\\/#\\\/schema\\\/logo\\\/image\\\/\"}}]}<\/script>\n<!-- \/ Yoast SEO plugin. -->","yoast_head_json":{"title":"F\u00f6retagsmeddelanden - Solwers Oyj","robots":{"index":"index","follow":"follow","max-snippet":"max-snippet:-1","max-image-preview":"max-image-preview:large","max-video-preview":"max-video-preview:-1"},"canonical":"https:\/\/solwers.com\/se\/for-investerare\/foretagsmeddelanden\/","og_locale":"sv_SE","og_type":"article","og_title":"F\u00f6retagsmeddelanden - Solwers Oyj","og_description":"Pressmeddelanden Observera att v\u00e5ra officiella kommunikationsspr\u00e5k \u00e4r engelska och finska. Alla pressmeddelanden Investerare &amp; media Nya Pressmeddelanden Pressmeddelanden arkiv Vill du ha v\u00e5rt pressmeddelande direkt till e-post? Best\u00e4ll h\u00e4r.","og_url":"https:\/\/solwers.com\/se\/for-investerare\/foretagsmeddelanden\/","og_site_name":"Solwers Oyj","article_modified_time":"2024-01-16T12:19:43+00:00","twitter_card":"summary_large_image","twitter_misc":{"Ber\u00e4knad l\u00e4stid":"1 minut"},"schema":{"@context":"https:\/\/schema.org","@graph":[{"@type":"WebPage","@id":"https:\/\/solwers.com\/se\/for-investerare\/foretagsmeddelanden\/","url":"https:\/\/solwers.com\/se\/for-investerare\/foretagsmeddelanden\/","name":"F\u00f6retagsmeddelanden - Solwers Oyj","isPartOf":{"@id":"https:\/\/solwers.com\/se\/#website"},"datePublished":"2022-02-15T11:45:25+00:00","dateModified":"2024-01-16T12:19:43+00:00","breadcrumb":{"@id":"https:\/\/solwers.com\/se\/for-investerare\/foretagsmeddelanden\/#breadcrumb"},"inLanguage":"sv-SE","potentialAction":[{"@type":"ReadAction","target":["https:\/\/solwers.com\/se\/for-investerare\/foretagsmeddelanden\/"]}]},{"@type":"BreadcrumbList","@id":"https:\/\/solwers.com\/se\/for-investerare\/foretagsmeddelanden\/#breadcrumb","itemListElement":[{"@type":"ListItem","position":1,"name":"Solwers","item":"https:\/\/solwers.com\/se\/"},{"@type":"ListItem","position":2,"name":"F\u00f6r investerare","item":"https:\/\/solwers.com\/se\/for-investerare\/"},{"@type":"ListItem","position":3,"name":"F\u00f6retagsmeddelanden"}]},{"@type":"WebSite","@id":"https:\/\/solwers.com\/se\/#website","url":"https:\/\/solwers.com\/se\/","name":"Solwers Oyj","description":"We are Solwers","publisher":{"@id":"https:\/\/solwers.com\/se\/#organization"},"potentialAction":[{"@type":"SearchAction","target":{"@type":"EntryPoint","urlTemplate":"https:\/\/solwers.com\/se\/?s={search_term_string}"},"query-input":{"@type":"PropertyValueSpecification","valueRequired":true,"valueName":"search_term_string"}}],"inLanguage":"sv-SE"},{"@type":"Organization","@id":"https:\/\/solwers.com\/se\/#organization","name":"Solwers Oyj","url":"https:\/\/solwers.com\/se\/","logo":{"@type":"ImageObject","inLanguage":"sv-SE","@id":"https:\/\/solwers.com\/se\/#\/schema\/logo\/image\/","url":"https:\/\/solwers.com\/wp-content\/uploads\/2022\/02\/solwers_logo_black@2x.png","contentUrl":"https:\/\/solwers.com\/wp-content\/uploads\/2022\/02\/solwers_logo_black@2x.png","width":796,"height":120,"caption":"Solwers Oyj"},"image":{"@id":"https:\/\/solwers.com\/se\/#\/schema\/logo\/image\/"}}]}},"_links":{"self":[{"href":"https:\/\/solwers.com\/se\/wp-json\/wp\/v2\/pages\/21213","targetHints":{"allow":["GET"]}}],"collection":[{"href":"https:\/\/solwers.com\/se\/wp-json\/wp\/v2\/pages"}],"about":[{"href":"https:\/\/solwers.com\/se\/wp-json\/wp\/v2\/types\/page"}],"author":[{"embeddable":true,"href":"https:\/\/solwers.com\/se\/wp-json\/wp\/v2\/users\/2"}],"replies":[{"embeddable":true,"href":"https:\/\/solwers.com\/se\/wp-json\/wp\/v2\/comments?post=21213"}],"version-history":[{"count":58,"href":"https:\/\/solwers.com\/se\/wp-json\/wp\/v2\/pages\/21213\/revisions"}],"predecessor-version":[{"id":27434,"href":"https:\/\/solwers.com\/se\/wp-json\/wp\/v2\/pages\/21213\/revisions\/27434"}],"up":[{"embeddable":true,"href":"https:\/\/solwers.com\/se\/wp-json\/wp\/v2\/pages\/21214"}],"wp:attachment":[{"href":"https:\/\/solwers.com\/se\/wp-json\/wp\/v2\/media?parent=21213"}],"curies":[{"name":"wp","href":"https:\/\/api.w.org\/{rel}","templated":true}]}}