{"id":21210,"date":"2022-02-15T11:46:04","date_gmt":"2022-02-15T11:46:04","guid":{"rendered":"https:\/\/solwers.com\/kontakt\/"},"modified":"2024-06-26T07:56:31","modified_gmt":"2024-06-26T07:56:31","slug":"kontakt","status":"publish","type":"page","link":"https:\/\/solwers.com\/se\/kontakt\/","title":{"rendered":"Kontakt"},"content":{"rendered":"\t\t<div data-elementor-type=\"wp-page\" data-elementor-id=\"21210\" class=\"elementor elementor-21210 elementor-13253\" data-elementor-post-type=\"page\">\n\t\t\t\t\t\t<section class=\"elementor-section elementor-top-section elementor-element elementor-element-794cc08 elementor-section-boxed elementor-section-height-default elementor-section-height-default\" data-id=\"794cc08\" data-element_type=\"section\" data-e-type=\"section\" data-settings=\"{&quot;background_background&quot;:&quot;classic&quot;}\">\n\t\t\t\t\t\t<div class=\"elementor-container elementor-column-gap-default\">\n\t\t\t\t\t<div class=\"elementor-column elementor-col-50 elementor-top-column elementor-element elementor-element-5ed41cb\" data-id=\"5ed41cb\" data-element_type=\"column\" data-e-type=\"column\">\n\t\t\t<div class=\"elementor-widget-wrap elementor-element-populated\">\n\t\t\t\t\t\t<div class=\"elementor-element elementor-element-c059567 elementor-widget elementor-widget-heading\" data-id=\"c059567\" data-element_type=\"widget\" data-e-type=\"widget\" data-widget_type=\"heading.default\">\n\t\t\t\t<div class=\"elementor-widget-container\">\n\t\t\t\t\t<h1 class=\"elementor-heading-title elementor-size-default\">Kontakt<\/h1>\t\t\t\t<\/div>\n\t\t\t\t<\/div>\n\t\t\t\t<div class=\"elementor-element elementor-element-29c4663 elementor-widget elementor-widget-text-editor\" data-id=\"29c4663\" data-element_type=\"widget\" data-e-type=\"widget\" data-widget_type=\"text-editor.default\">\n\t\t\t\t<div class=\"elementor-widget-container\">\n\t\t\t\t\t\t\t\t\t<p>Adress:<\/p><p>Kappelikuja 6b, 2 v\u00e5n<br \/>02200 Esbo<br \/>Finland<\/p><p><span style=\"color: #00ffff\"><a style=\"color: #00ffff\" href=\"mailto:info@solwers.fi\">info@solwers.fi<\/a><\/span><\/p><p>Faktureringsuppgifter (e-fakturering):<br \/>Operat\u00f6r: Maventa<br \/>E-faktureringsadress: 003707207346<br \/>Operat\u00f6rs-ID: 003721291126<\/p>\t\t\t\t\t\t\t\t<\/div>\n\t\t\t\t<\/div>\n\t\t\t\t<div class=\"elementor-element elementor-element-9e66cd3 elementor-align-left elementor-widget elementor-widget-button\" data-id=\"9e66cd3\" data-element_type=\"widget\" data-e-type=\"widget\" data-widget_type=\"button.default\">\n\t\t\t\t<div class=\"elementor-widget-container\">\n\t\t\t\t\t\t\t\t\t<div class=\"elementor-button-wrapper\">\n\t\t\t\t\t<a class=\"elementor-button elementor-button-link elementor-size-sm\" href=\"https:\/\/solwers.com\/for-investors\/ir-contacts\/\">\n\t\t\t\t\t\t<span class=\"elementor-button-content-wrapper\">\n\t\t\t\t\t\t\t\t\t<span class=\"elementor-button-text\">Investerare &amp; Media<\/span>\n\t\t\t\t\t<\/span>\n\t\t\t\t\t<\/a>\n\t\t\t\t<\/div>\n\t\t\t\t\t\t\t\t<\/div>\n\t\t\t\t<\/div>\n\t\t\t\t<div class=\"elementor-element elementor-element-d38d08e elementor-align-left elementor-widget elementor-widget-button\" data-id=\"d38d08e\" data-element_type=\"widget\" data-e-type=\"widget\" data-widget_type=\"button.default\">\n\t\t\t\t<div class=\"elementor-widget-container\">\n\t\t\t\t\t\t\t\t\t<div class=\"elementor-button-wrapper\">\n\t\t\t\t\t<a class=\"elementor-button elementor-button-link elementor-size-sm\" href=\"https:\/\/solwers.com\/governance\/#management\">\n\t\t\t\t\t\t<span class=\"elementor-button-content-wrapper\">\n\t\t\t\t\t\t\t\t\t<span class=\"elementor-button-text\">Ledning<\/span>\n\t\t\t\t\t<\/span>\n\t\t\t\t\t<\/a>\n\t\t\t\t<\/div>\n\t\t\t\t\t\t\t\t<\/div>\n\t\t\t\t<\/div>\n\t\t\t\t\t<\/div>\n\t\t<\/div>\n\t\t\t\t<div class=\"elementor-column elementor-col-50 elementor-top-column elementor-element elementor-element-4cadfed\" data-id=\"4cadfed\" data-element_type=\"column\" data-e-type=\"column\">\n\t\t\t<div class=\"elementor-widget-wrap elementor-element-populated\">\n\t\t\t\t\t\t<div class=\"elementor-element elementor-element-10dbb76 elementor-hidden-desktop elementor-hidden-tablet elementor-widget elementor-widget-image\" data-id=\"10dbb76\" data-element_type=\"widget\" data-e-type=\"widget\" data-widget_type=\"image.default\">\n\t\t\t\t<div class=\"elementor-widget-container\">\n\t\t\t\t\t\t\t\t\t\t\t\t\t\t\t<img fetchpriority=\"high\" decoding=\"async\" width=\"768\" height=\"1024\" src=\"https:\/\/solwers.com\/wp-content\/uploads\/2023\/10\/Solwers-ryhma-768x1024.png\" class=\"attachment-large size-large wp-image-25467\" alt=\"\" srcset=\"https:\/\/solwers.com\/wp-content\/uploads\/2023\/10\/Solwers-ryhma-768x1025.png 768w, https:\/\/solwers.com\/wp-content\/uploads\/2023\/10\/Solwers-ryhma-225x300.png 225w, https:\/\/solwers.com\/wp-content\/uploads\/2023\/10\/Solwers-ryhma.png 1000w\" sizes=\"(max-width: 768px) 100vw, 768px\" \/>\t\t\t\t\t\t\t\t\t\t\t\t\t\t\t<\/div>\n\t\t\t\t<\/div>\n\t\t\t\t\t<\/div>\n\t\t<\/div>\n\t\t\t\t\t<\/div>\n\t\t<\/section>\n\t\t\t\t<section class=\"elementor-section elementor-top-section elementor-element elementor-element-3216780 elementor-section-full_width elementor-section-height-default elementor-section-height-default\" data-id=\"3216780\" data-element_type=\"section\" data-e-type=\"section\">\n\t\t\t\t\t\t<div class=\"elementor-container elementor-column-gap-default\">\n\t\t\t\t\t<div class=\"elementor-column elementor-col-100 elementor-top-column elementor-element elementor-element-5bafa00\" data-id=\"5bafa00\" data-element_type=\"column\" data-e-type=\"column\">\n\t\t\t<div class=\"elementor-widget-wrap elementor-element-populated\">\n\t\t\t\t\t\t<div class=\"elementor-element elementor-element-be1b4da elementor-widget elementor-widget-shortcode\" data-id=\"be1b4da\" data-element_type=\"widget\" data-e-type=\"widget\" data-widget_type=\"shortcode.default\">\n\t\t\t\t<div class=\"elementor-widget-container\">\n\t\t\t\t\t\t\t<div class=\"elementor-shortcode\"><script src=\"https:\/\/code.jquery.com\/jquery-2.2.0.min.js\" type=\"text\/javascript\"><\/script>\n    <script src=\"https:\/\/maxcdn.bootstrapcdn.com\/bootstrap\/3.3.6\/js\/bootstrap.min.js\"><\/script>\n    <script src=\"https:\/\/cdnjs.cloudflare.com\/ajax\/libs\/slick-carousel\/1.6.0\/slick.js\"><\/script>\n    <link rel=\"preconnect\" href=\"https:\/\/fonts.googleapis.com\">\n<link rel=\"preconnect\" href=\"https:\/\/fonts.gstatic.com\" crossorigin>\n<link rel=\"preconnect\" href=\"https:\/\/fonts.googleapis.com\">\n<link href=\"https:\/\/fonts.googleapis.com\/css2?family=Roboto&display=swap\" rel=\"stylesheet\">\n<div class=\"container-nauha\">\n\t<div class=\"grid-container\">\n\n\t\t\t<div class=\"grid-item\">\n        <section class=\"customer-logos slider\">\n            \n            <div class=\"slide\"><a href=\"https:\/\/accado.fi\/\"><p>Accado<\/p><\/a><\/div>\n            <div class=\"slide\"><a href=\"https:\/\/www.contria.fi\/\"><p>Contria<\/p><\/a><\/div> \n\t\t\t<div class=\"slide\"><a href=\"https:\/\/www.dtsa.fi\/\"><p>Davidsson Tarkela Siren Arkkitehdit<\/p><\/a><\/div>\n            <div class=\"slide\"><a href=\"https:\/\/finnmap-infra.fi\/\"><p>Finnmap Infra<\/p><\/a><\/div>\n            <div class=\"slide\"><a href=\"https:\/\/www.geounion.fi\/\"><p>Geounion<\/p><\/a><\/div>\n            <div class=\"slide\"><a href=\"https:\/\/inmeco.fi\/\"><p>Inmeco<\/p><\/a><\/div>\n            <div class=\"slide\"><a href=\"https:\/\/www.kalliotekniikka.fi\/\"><p>Kalliotekniikka<\/p><\/a><\/div>\n            <div class=\"slide\"><a href=\"https:\/\/www.lukkaroinen.fi\/\"><p>Lukkaroinen Arkkitehdit<\/p><\/a><\/div>\n            <div class=\"slide\"><a href=\"https:\/\/www.plan-air.fi\/\"><p>Plan-Air<\/p><\/a><\/div>\n            <div class=\"slide\"><a href=\"https:\/\/www.polyplan.fi\/\"><p>Polyplan<\/p><\/a><\/div>\n            <div class=\"slide\"><a href=\"https:\/\/www.pontek.fi\/\"><p>Pontek<\/p><\/a><\/div>\n\t\t\t<div class=\"slide\"><a href=\"https:\/\/taitotekniikka.fi\/\"><p>Taitotekniikka<\/p><\/a><\/div>\n            <div class=\"slide\"><a href=\"https:\/\/zenner.fi\/\"><p>Zenner<\/p><\/a><\/div>\n             <div class=\"slide\"><a href=\"https:\/\/www.szwak.pl\/\"><p>Szwak & Sp\u00f3\u0142ka<\/p><\/a><\/div>\n            \n            \n\t\t\t<div class=\"slide\"><a href=\"https:\/\/www.demab.se\/\"><p>Demab<\/p><\/a><\/div>\n            <div class=\"slide\"><a href=\"https:\/\/www.dreem.se\/\"><p>Dreem<\/p><\/a><\/div>\n\t\t\t<div class=\"slide\"><a href=\"https:\/\/ele.se\/\"><p>ELE Engineering<\/p><\/a><\/div>\n            <div class=\"slide\"><a href=\"https:\/\/enerwex.se\/\"><p>Enerwex<\/p><\/a><\/div>\n            <div class=\"slide\"><a href=\"https:\/\/establish.se\/\"><p>Establish Schening<\/p><\/a><\/div>\n            <div class=\"slide\"><a href=\"https:\/\/falkcm.se\/\"><p>Falck CM<\/p><\/a><\/div>  \n            <div class=\"slide\"><a href=\"https:\/\/www.kam.nu\/\"><p>KAM Redovisning<\/p><\/a><\/div>\n            <div class=\"slide\"><a href=\"https:\/\/lic-ab.se\/\"><p>Licab<\/p><\/a><\/div>\n\t\t\t<div class=\"slide\"><a href=\"https:\/\/www.north68.se\/\"><p>North 68 Consulting<\/p><\/a><\/div>\n\t\t\t<div class=\"slide\"><a href=\"https:\/\/www.relitor.se\/\"><p>Relitor<\/p><\/a><\/div>\n            <div class=\"slide\"><a href=\"https:\/\/www.tcgnordic.se\/\"><p>TCG Nordic<\/p><\/a><\/div>\n\t\t\t<div class=\"slide\"><a href=\"https:\/\/www.wisegate.se\/\"><p>Wisegate Consulting<\/p><\/a><\/div>\n\t\t\t\n        <\/section>\n        \n        <\/div>\n\t\t\n\t\t<div class=\"grid-item\" id=\"grid-logo\">\n        <div class=\"we_are_solwers_logo\"><a href=\"https:\/\/solwers.com\/\"><img decoding=\"async\" src=\"https:\/\/solwers.com\/wp-content\/uploads\/2023\/03\/ribbon-we-are-solwers-black.png\"><\/a><\/div>\n\t\t\t<\/div>\n        \n        <\/div>\n    <\/div>\n\n\n\n <\/div>\n\t\t\t\t\t\t<\/div>\n\t\t\t\t<\/div>\n\t\t\t\t\t<\/div>\n\t\t<\/div>\n\t\t\t\t\t<\/div>\n\t\t<\/section>\n\t\t\t\t<section class=\"elementor-section elementor-top-section elementor-element elementor-element-384c2ce elementor-section-boxed elementor-section-height-default elementor-section-height-default\" data-id=\"384c2ce\" data-element_type=\"section\" data-e-type=\"section\">\n\t\t\t\t\t\t<div class=\"elementor-container elementor-column-gap-default\">\n\t\t\t\t\t<div class=\"elementor-column elementor-col-100 elementor-top-column elementor-element elementor-element-1275556\" data-id=\"1275556\" data-element_type=\"column\" data-e-type=\"column\">\n\t\t\t<div class=\"elementor-widget-wrap\">\n\t\t\t\t\t\t\t<\/div>\n\t\t<\/div>\n\t\t\t\t\t<\/div>\n\t\t<\/section>\n\t\t\t\t<section class=\"elementor-section elementor-top-section elementor-element elementor-element-ff81883 elementor-section-boxed elementor-section-height-default elementor-section-height-default\" data-id=\"ff81883\" data-element_type=\"section\" data-e-type=\"section\">\n\t\t\t\t\t\t<div class=\"elementor-container elementor-column-gap-default\">\n\t\t\t\t\t<div class=\"elementor-column elementor-col-100 elementor-top-column elementor-element elementor-element-a06a5b8\" data-id=\"a06a5b8\" data-element_type=\"column\" data-e-type=\"column\">\n\t\t\t<div class=\"elementor-widget-wrap\">\n\t\t\t\t\t\t\t<\/div>\n\t\t<\/div>\n\t\t\t\t\t<\/div>\n\t\t<\/section>\n\t\t\t\t<\/div>\n\t\t","protected":false},"excerpt":{"rendered":"<p>Kontakt Adress: Kappelikuja 6b, 2 v\u00e5n02200 EsboFinland info@solwers.fi Faktureringsuppgifter (e-fakturering):Operat\u00f6r: MaventaE-faktureringsadress: 003707207346Operat\u00f6rs-ID: 003721291126 Investerare &amp; Media Ledning<\/p>\n","protected":false},"author":2,"featured_media":29948,"parent":0,"menu_order":0,"comment_status":"closed","ping_status":"closed","template":"","meta":{"_acf_changed":false,"_monsterinsights_skip_tracking":false,"_monsterinsights_sitenote_active":false,"_monsterinsights_sitenote_note":"","_monsterinsights_sitenote_category":0,"site-sidebar-layout":"no-sidebar","site-content-layout":"page-builder","ast-site-content-layout":"full-width-container","site-content-style":"unboxed","site-sidebar-style":"unboxed","ast-global-header-display":"","ast-banner-title-visibility":"","ast-main-header-display":"","ast-hfb-above-header-display":"","ast-hfb-below-header-display":"","ast-hfb-mobile-header-display":"","site-post-title":"disabled","ast-breadcrumbs-content":"","ast-featured-img":"disabled","footer-sml-layout":"","theme-transparent-header-meta":"","adv-header-id-meta":"","stick-header-meta":"","header-above-stick-meta":"","header-main-stick-meta":"","header-below-stick-meta":"","astra-migrate-meta-layouts":"set","ast-page-background-enabled":"default","ast-page-background-meta":{"desktop":{"background-color":"var(--ast-global-color-4)","background-image":"","background-repeat":"repeat","background-position":"center center","background-size":"auto","background-attachment":"scroll","background-type":"","background-media":"","overlay-type":"","overlay-color":"","overlay-opacity":"","overlay-gradient":""},"tablet":{"background-color":"","background-image":"","background-repeat":"repeat","background-position":"center center","background-size":"auto","background-attachment":"scroll","background-type":"","background-media":"","overlay-type":"","overlay-color":"","overlay-opacity":"","overlay-gradient":""},"mobile":{"background-color":"","background-image":"","background-repeat":"repeat","background-position":"center center","background-size":"auto","background-attachment":"scroll","background-type":"","background-media":"","overlay-type":"","overlay-color":"","overlay-opacity":"","overlay-gradient":""}},"ast-content-background-meta":{"desktop":{"background-color":"var(--ast-global-color-5)","background-image":"","background-repeat":"repeat","background-position":"center center","background-size":"auto","background-attachment":"scroll","background-type":"","background-media":"","overlay-type":"","overlay-color":"","overlay-opacity":"","overlay-gradient":""},"tablet":{"background-color":"var(--ast-global-color-5)","background-image":"","background-repeat":"repeat","background-position":"center center","background-size":"auto","background-attachment":"scroll","background-type":"","background-media":"","overlay-type":"","overlay-color":"","overlay-opacity":"","overlay-gradient":""},"mobile":{"background-color":"var(--ast-global-color-5)","background-image":"","background-repeat":"repeat","background-position":"center center","background-size":"auto","background-attachment":"scroll","background-type":"","background-media":"","overlay-type":"","overlay-color":"","overlay-opacity":"","overlay-gradient":""}},"footnotes":""},"class_list":["post-21210","page","type-page","status-publish","has-post-thumbnail","hentry"],"acf":[],"yoast_head":"<!-- This site is optimized with the Yoast SEO plugin v27.3 - https:\/\/yoast.com\/product\/yoast-seo-wordpress\/ -->\n<title>Kontakt - Solwers Oyj<\/title>\n<meta name=\"robots\" content=\"index, follow, max-snippet:-1, max-image-preview:large, max-video-preview:-1\" \/>\n<link rel=\"canonical\" href=\"https:\/\/solwers.com\/se\/kontakt\/\" \/>\n<meta property=\"og:locale\" content=\"sv_SE\" \/>\n<meta property=\"og:type\" content=\"article\" \/>\n<meta property=\"og:title\" content=\"Kontakt - Solwers Oyj\" \/>\n<meta property=\"og:description\" content=\"Kontakt Adress: Kappelikuja 6b, 2 v\u00e5n02200 EsboFinland info@solwers.fi Faktureringsuppgifter (e-fakturering):Operat\u00f6r: MaventaE-faktureringsadress: 003707207346Operat\u00f6rs-ID: 003721291126 Investerare &amp; Media Ledning\" \/>\n<meta property=\"og:url\" content=\"https:\/\/solwers.com\/se\/kontakt\/\" \/>\n<meta property=\"og:site_name\" content=\"Solwers Oyj\" \/>\n<meta property=\"article:modified_time\" content=\"2024-06-26T07:56:31+00:00\" \/>\n<meta property=\"og:image\" content=\"https:\/\/solwers.com\/wp-content\/uploads\/2024\/06\/Solwers-people.jpg\" \/>\n\t<meta property=\"og:image:width\" content=\"1000\" \/>\n\t<meta property=\"og:image:height\" content=\"563\" \/>\n\t<meta property=\"og:image:type\" content=\"image\/jpeg\" \/>\n<meta name=\"twitter:card\" content=\"summary_large_image\" \/>\n<meta name=\"twitter:label1\" content=\"Ber\u00e4knad l\u00e4stid\" \/>\n\t<meta name=\"twitter:data1\" content=\"1 minut\" \/>\n<script type=\"application\/ld+json\" class=\"yoast-schema-graph\">{\"@context\":\"https:\\\/\\\/schema.org\",\"@graph\":[{\"@type\":\"WebPage\",\"@id\":\"https:\\\/\\\/solwers.com\\\/se\\\/kontakt\\\/\",\"url\":\"https:\\\/\\\/solwers.com\\\/se\\\/kontakt\\\/\",\"name\":\"Kontakt - Solwers Oyj\",\"isPartOf\":{\"@id\":\"https:\\\/\\\/solwers.com\\\/se\\\/#website\"},\"primaryImageOfPage\":{\"@id\":\"https:\\\/\\\/solwers.com\\\/se\\\/kontakt\\\/#primaryimage\"},\"image\":{\"@id\":\"https:\\\/\\\/solwers.com\\\/se\\\/kontakt\\\/#primaryimage\"},\"thumbnailUrl\":\"https:\\\/\\\/solwers.com\\\/wp-content\\\/uploads\\\/2024\\\/06\\\/Solwers-people.jpg\",\"datePublished\":\"2022-02-15T11:46:04+00:00\",\"dateModified\":\"2024-06-26T07:56:31+00:00\",\"breadcrumb\":{\"@id\":\"https:\\\/\\\/solwers.com\\\/se\\\/kontakt\\\/#breadcrumb\"},\"inLanguage\":\"sv-SE\",\"potentialAction\":[{\"@type\":\"ReadAction\",\"target\":[\"https:\\\/\\\/solwers.com\\\/se\\\/kontakt\\\/\"]}]},{\"@type\":\"ImageObject\",\"inLanguage\":\"sv-SE\",\"@id\":\"https:\\\/\\\/solwers.com\\\/se\\\/kontakt\\\/#primaryimage\",\"url\":\"https:\\\/\\\/solwers.com\\\/wp-content\\\/uploads\\\/2024\\\/06\\\/Solwers-people.jpg\",\"contentUrl\":\"https:\\\/\\\/solwers.com\\\/wp-content\\\/uploads\\\/2024\\\/06\\\/Solwers-people.jpg\",\"width\":1000,\"height\":563},{\"@type\":\"BreadcrumbList\",\"@id\":\"https:\\\/\\\/solwers.com\\\/se\\\/kontakt\\\/#breadcrumb\",\"itemListElement\":[{\"@type\":\"ListItem\",\"position\":1,\"name\":\"Solwers\",\"item\":\"https:\\\/\\\/solwers.com\\\/se\\\/\"},{\"@type\":\"ListItem\",\"position\":2,\"name\":\"Kontakt\"}]},{\"@type\":\"WebSite\",\"@id\":\"https:\\\/\\\/solwers.com\\\/se\\\/#website\",\"url\":\"https:\\\/\\\/solwers.com\\\/se\\\/\",\"name\":\"Solwers Oyj\",\"description\":\"We are Solwers\",\"publisher\":{\"@id\":\"https:\\\/\\\/solwers.com\\\/se\\\/#organization\"},\"potentialAction\":[{\"@type\":\"SearchAction\",\"target\":{\"@type\":\"EntryPoint\",\"urlTemplate\":\"https:\\\/\\\/solwers.com\\\/se\\\/?s={search_term_string}\"},\"query-input\":{\"@type\":\"PropertyValueSpecification\",\"valueRequired\":true,\"valueName\":\"search_term_string\"}}],\"inLanguage\":\"sv-SE\"},{\"@type\":\"Organization\",\"@id\":\"https:\\\/\\\/solwers.com\\\/se\\\/#organization\",\"name\":\"Solwers Oyj\",\"url\":\"https:\\\/\\\/solwers.com\\\/se\\\/\",\"logo\":{\"@type\":\"ImageObject\",\"inLanguage\":\"sv-SE\",\"@id\":\"https:\\\/\\\/solwers.com\\\/se\\\/#\\\/schema\\\/logo\\\/image\\\/\",\"url\":\"https:\\\/\\\/solwers.com\\\/wp-content\\\/uploads\\\/2022\\\/02\\\/solwers_logo_black@2x.png\",\"contentUrl\":\"https:\\\/\\\/solwers.com\\\/wp-content\\\/uploads\\\/2022\\\/02\\\/solwers_logo_black@2x.png\",\"width\":796,\"height\":120,\"caption\":\"Solwers Oyj\"},\"image\":{\"@id\":\"https:\\\/\\\/solwers.com\\\/se\\\/#\\\/schema\\\/logo\\\/image\\\/\"}}]}<\/script>\n<!-- \/ Yoast SEO plugin. -->","yoast_head_json":{"title":"Kontakt - Solwers Oyj","robots":{"index":"index","follow":"follow","max-snippet":"max-snippet:-1","max-image-preview":"max-image-preview:large","max-video-preview":"max-video-preview:-1"},"canonical":"https:\/\/solwers.com\/se\/kontakt\/","og_locale":"sv_SE","og_type":"article","og_title":"Kontakt - Solwers Oyj","og_description":"Kontakt Adress: Kappelikuja 6b, 2 v\u00e5n02200 EsboFinland info@solwers.fi Faktureringsuppgifter (e-fakturering):Operat\u00f6r: MaventaE-faktureringsadress: 003707207346Operat\u00f6rs-ID: 003721291126 Investerare &amp; Media Ledning","og_url":"https:\/\/solwers.com\/se\/kontakt\/","og_site_name":"Solwers Oyj","article_modified_time":"2024-06-26T07:56:31+00:00","og_image":[{"width":1000,"height":563,"url":"https:\/\/solwers.com\/wp-content\/uploads\/2024\/06\/Solwers-people.jpg","type":"image\/jpeg"}],"twitter_card":"summary_large_image","twitter_misc":{"Ber\u00e4knad l\u00e4stid":"1 minut"},"schema":{"@context":"https:\/\/schema.org","@graph":[{"@type":"WebPage","@id":"https:\/\/solwers.com\/se\/kontakt\/","url":"https:\/\/solwers.com\/se\/kontakt\/","name":"Kontakt - Solwers Oyj","isPartOf":{"@id":"https:\/\/solwers.com\/se\/#website"},"primaryImageOfPage":{"@id":"https:\/\/solwers.com\/se\/kontakt\/#primaryimage"},"image":{"@id":"https:\/\/solwers.com\/se\/kontakt\/#primaryimage"},"thumbnailUrl":"https:\/\/solwers.com\/wp-content\/uploads\/2024\/06\/Solwers-people.jpg","datePublished":"2022-02-15T11:46:04+00:00","dateModified":"2024-06-26T07:56:31+00:00","breadcrumb":{"@id":"https:\/\/solwers.com\/se\/kontakt\/#breadcrumb"},"inLanguage":"sv-SE","potentialAction":[{"@type":"ReadAction","target":["https:\/\/solwers.com\/se\/kontakt\/"]}]},{"@type":"ImageObject","inLanguage":"sv-SE","@id":"https:\/\/solwers.com\/se\/kontakt\/#primaryimage","url":"https:\/\/solwers.com\/wp-content\/uploads\/2024\/06\/Solwers-people.jpg","contentUrl":"https:\/\/solwers.com\/wp-content\/uploads\/2024\/06\/Solwers-people.jpg","width":1000,"height":563},{"@type":"BreadcrumbList","@id":"https:\/\/solwers.com\/se\/kontakt\/#breadcrumb","itemListElement":[{"@type":"ListItem","position":1,"name":"Solwers","item":"https:\/\/solwers.com\/se\/"},{"@type":"ListItem","position":2,"name":"Kontakt"}]},{"@type":"WebSite","@id":"https:\/\/solwers.com\/se\/#website","url":"https:\/\/solwers.com\/se\/","name":"Solwers Oyj","description":"We are Solwers","publisher":{"@id":"https:\/\/solwers.com\/se\/#organization"},"potentialAction":[{"@type":"SearchAction","target":{"@type":"EntryPoint","urlTemplate":"https:\/\/solwers.com\/se\/?s={search_term_string}"},"query-input":{"@type":"PropertyValueSpecification","valueRequired":true,"valueName":"search_term_string"}}],"inLanguage":"sv-SE"},{"@type":"Organization","@id":"https:\/\/solwers.com\/se\/#organization","name":"Solwers Oyj","url":"https:\/\/solwers.com\/se\/","logo":{"@type":"ImageObject","inLanguage":"sv-SE","@id":"https:\/\/solwers.com\/se\/#\/schema\/logo\/image\/","url":"https:\/\/solwers.com\/wp-content\/uploads\/2022\/02\/solwers_logo_black@2x.png","contentUrl":"https:\/\/solwers.com\/wp-content\/uploads\/2022\/02\/solwers_logo_black@2x.png","width":796,"height":120,"caption":"Solwers Oyj"},"image":{"@id":"https:\/\/solwers.com\/se\/#\/schema\/logo\/image\/"}}]}},"_links":{"self":[{"href":"https:\/\/solwers.com\/se\/wp-json\/wp\/v2\/pages\/21210","targetHints":{"allow":["GET"]}}],"collection":[{"href":"https:\/\/solwers.com\/se\/wp-json\/wp\/v2\/pages"}],"about":[{"href":"https:\/\/solwers.com\/se\/wp-json\/wp\/v2\/types\/page"}],"author":[{"embeddable":true,"href":"https:\/\/solwers.com\/se\/wp-json\/wp\/v2\/users\/2"}],"replies":[{"embeddable":true,"href":"https:\/\/solwers.com\/se\/wp-json\/wp\/v2\/comments?post=21210"}],"version-history":[{"count":32,"href":"https:\/\/solwers.com\/se\/wp-json\/wp\/v2\/pages\/21210\/revisions"}],"predecessor-version":[{"id":29960,"href":"https:\/\/solwers.com\/se\/wp-json\/wp\/v2\/pages\/21210\/revisions\/29960"}],"wp:featuredmedia":[{"embeddable":true,"href":"https:\/\/solwers.com\/se\/wp-json\/wp\/v2\/media\/29948"}],"wp:attachment":[{"href":"https:\/\/solwers.com\/se\/wp-json\/wp\/v2\/media?parent=21210"}],"curies":[{"name":"wp","href":"https:\/\/api.w.org\/{rel}","templated":true}]}}