{"id":13,"date":"2022-02-03T11:07:18","date_gmt":"2022-02-03T11:07:18","guid":{"rendered":"https:\/\/solwers.com\/?page_id=13"},"modified":"2022-02-03T12:33:46","modified_gmt":"2022-02-03T12:33:46","slug":"tyopaikat","status":"publish","type":"page","link":"https:\/\/solwers.com\/fi\/tyopaikat\/","title":{"rendered":"Ty\u00f6paikat"},"content":{"rendered":"\t\t<div data-elementor-type=\"wp-page\" data-elementor-id=\"13\" class=\"elementor elementor-13\" data-elementor-post-type=\"page\">\n\t\t\t\t\t\t<section class=\"elementor-section elementor-top-section elementor-element elementor-element-089d712 elementor-section-boxed elementor-section-height-default elementor-section-height-default\" data-id=\"089d712\" data-element_type=\"section\" data-e-type=\"section\">\n\t\t\t\t\t\t<div class=\"elementor-container elementor-column-gap-default\">\n\t\t\t\t\t<div class=\"elementor-column elementor-col-100 elementor-top-column elementor-element elementor-element-184ba88\" data-id=\"184ba88\" data-element_type=\"column\" data-e-type=\"column\">\n\t\t\t<div class=\"elementor-widget-wrap elementor-element-populated\">\n\t\t\t\t\t\t<div class=\"elementor-element elementor-element-3457d44 elementor-widget elementor-widget-shortcode\" data-id=\"3457d44\" data-element_type=\"widget\" data-e-type=\"widget\" data-widget_type=\"shortcode.default\">\n\t\t\t\t<div class=\"elementor-widget-container\">\n\t\t\t\t\t\t\t<div class=\"elementor-shortcode\">\r\n<div class=\"jb jb-jobs\" data-base-post=\"13\"\r\n\tdata-hide-expired=\"1\"\r\n\tdata-hide-filled=\"1\"\r\n\tdata-filled-only=\"\"\r\n\tdata-orderby=\"date\"\r\n\tdata-order=\"DESC\"\r\n\tdata-employer=\"\"\r\n\tdata-no-logo=\"\"\r\n\tdata-hide-job-types=\"\"\r\n\tdata-page=\"1\"\r\n\tdata-per-page=\"10\"\r\n\tdata-no-jobs=\"No Jobs\"\r\n\tdata-no-jobs-search=\"No Jobs found\"\r\n\tdata-category=\"\"\r\n\tdata-type=\"\"\r\n\tdata-wrapper-index=\"1\">\r\n\r\n\t\r\n<div class=\"jb-overlay\">\r\n\t<div class=\"jb-ajax-loading\"><\/div>\r\n<\/div>\r\n\r\n<div class=\"jb-jobs-header\">\r\n\r\n\t\r\n\t\r\n\t\t<div class=\"jb-jobs-header-row jb-jobs-search-row\">\r\n\t\t\t<div class=\"jb-jobs-search-line\">\r\n\r\n\t\t\t\t\r\n\t\t\t\t\t<label>\r\n\t\t\t\t\t\t<span>Find Jobs:<\/span>\r\n\t\t\t\t\t\t\t\t\t\t\t\t<input type=\"search\" class=\"jb-search-line\" placeholder=\"Job title, keywords, or company\" value=\"\" aria-label=\"Find Jobs by title\" \/>\r\n\t\t\t\t\t<\/label>\r\n\r\n\t\t\t\t\t\r\n\t\t\t\t\t<label>\r\n\t\t\t\t\t\t<span>Find Jobs:<\/span>\r\n\t\t\t\t\t\t<input type=\"search\" class=\"jb-search-location\" placeholder=\"City, State or Country\" value=\"\" aria-label=\"Find Jobs by location\" \/>\r\n\t\t\t\t\t\t\t\t\t\t\t<\/label>\r\n\t\t\t\t\r\n\t\t\t\t<input type=\"button\" class=\"jb-do-search jb-button\" value=\"Find Jobs\" \/>\r\n\t\t\t<\/div>\r\n\t\t<\/div>\r\n\r\n\t\t\r\n\t\t<div class=\"jb-jobs-header-row jb-jobs-filters-row\">\r\n\t\t\t<label>\r\n\t\t\t\t<input type=\"checkbox\" class=\"jb-only-remote\" value=\"1\"  \/>&nbsp;Show only remote jobs\t\t\t<\/label>\r\n\r\n\t\t\t\r\n\t\t\t\t<label>\r\n\t\t\t\t\t<select class=\"jb-job-type-filter\">\r\n\t\t\t\t\t\t<option value=\"\"  selected='selected'>Select job type<\/option>\r\n\t\t\t\t\t\t\t\t\t\t\t\t\t<option value=\"5\" >Harjoittelija<\/option>\r\n\t\t\t\t\t\t\t\t\t\t\t\t\t<option value=\"293\" >Kes\u00e4ty\u00f6<\/option>\r\n\t\t\t\t\t\t\t\t\t\t\t\t\t<option value=\"3\" >Kokoaikainen<\/option>\r\n\t\t\t\t\t\t\t\t\t\t\t\t\t<option value=\"7\" >M\u00e4\u00e4r\u00e4aikainen<\/option>\r\n\t\t\t\t\t\t\t\t\t\t\t\t\t<option value=\"4\" >Osa-aikainen<\/option>\r\n\t\t\t\t\t\t\t\t\t\t\t\t\t<option value=\"8\" >Vastavalmistunut<\/option>\r\n\t\t\t\t\t\t\t\t\t\t\t<\/select>\r\n\t\t\t\t<\/label>\r\n\r\n\t\t\t\t\t\t\t\t\t\t<label>\r\n\t\t\t\t\t\t\t<select class=\"jb-job-category-filter\">\r\n\t\t\t\t\t\t\t\t<option value=\"\"  selected='selected'>Select job category<\/option>\r\n\t\t\t\t\t\t\t\t\t\t\t\t\t\t\t\t\t<option value=\"14\" > Arkkitehtuuri ja sisustussuunnittelu<\/option>\r\n\t\t\t\t\t\t\t\t\t\t\t\t\t\t\t\t\t<option value=\"15\" > Geotekniikka<\/option>\r\n\t\t\t\t\t\t\t\t\t\t\t\t\t\t\t\t\t<option value=\"529\" > Konsernihallinto<\/option>\r\n\t\t\t\t\t\t\t\t\t\t\t\t\t\t\t\t\t<option value=\"13\" > Louhinta &amp; maarakennus<\/option>\r\n\t\t\t\t\t\t\t\t\t\t\t\t\t\t\t\t\t<option value=\"349\" > LVIA-suunnittelu<\/option>\r\n\t\t\t\t\t\t\t\t\t\t\t\t\t\t\t\t\t<option value=\"454\" > Rakennesuunnittelu<\/option>\r\n\t\t\t\t\t\t\t\t\t\t\t\t\t\t\t\t\t<option value=\"16\" > Taloushallinto<\/option>\r\n\t\t\t\t\t\t\t\t\t\t\t\t\t\t\t\t\t<option value=\"12\" > Tiesuunnittelu<\/option>\r\n\t\t\t\t\t\t\t\t\t\t\t\t\t\t\t<\/select>\r\n\t\t\t\t\t\t<\/label>\r\n\t\t\t\t\t\t\t\t<\/div>\r\n\r\n\t\t<\/div>\r\n\r\n<script type=\"text\/template\" id=\"tmpl-jb-jobs-list-line\">\r\n\t<# if ( data.jobs.length > 0 ) { #>\r\n\r\n\t\t<# _.each( data.jobs, function( job, key, list ) { #>\r\n\t\t\t\r\n\t\t\t<div class=\"jb-job-list-row<# if ( ! job.logo ) { #> jb-job-list-no-logo<# } #><# if ( job.actions.length > 0 ) { #> jb-job-list-with-actions<# } #><# if ( job.featured ) { #> jb-job-list-featured<# } #>\">\t\t\t\t<# if ( ! data.hide_logo ) { #>\r\n\t\t\t\t\t<# if ( job.logo ) { #>\r\n\t\t\t\t\t\t<div class=\"jb-job-logo\">\r\n\t\t\t\t\t\t\t{{{job.logo}}}\r\n\t\t\t\t\t\t<\/div>\r\n\t\t\t\t\t<# } #>\r\n\t\t\t\t<# } #>\r\n\t\t\t\t<div class=\"jb-row-data\">\r\n\t\t\t\t\t<div class=\"jb-job-title\">\r\n\t\t\t\t\t\t<span class=\"jb-job-title-link-line\"><a href=\"{{{job.permalink}}}\" class=\"jb-job-title-link\">{{{job.title}}}<\/a><\/span>\r\n\t\t\t\t\t\t<div class=\"jb-job-title-end jb-responsive jb-ui-m jb-ui-l jb-ui-xl\">\r\n\t\t\t\t\t\t\t<# if ( job.featured ) { #>\r\n\t\t\t\t\t\t\t\t<div class=\"jb-job-featured\">Featured<\/div>\r\n\t\t\t\t\t\t\t<# } #>\r\n\t\t\t\t\t\t\t<# if ( ! data.hide_job_types ) { #>\r\n\t\t\t\t\t\t\t\t<# if ( job.types.length > 0 ) { #>\r\n\t\t\t\t\t\t\t\t\t<div class=\"jb-job-types\">\r\n\t\t\t\t\t\t\t\t\t\t<# _.each( job.types, function( type, t_key, t_list ) { #>\r\n\t\t\t\t\t\t\t\t\t\t\t<div class=\"jb-job-type\" style=\"color:{{{type.color}}};background:{{{type.bg_color}}};\">\r\n\t\t\t\t\t\t\t\t\t\t\t\t{{{type.name}}}\r\n\t\t\t\t\t\t\t\t\t\t\t<\/div>\r\n\t\t\t\t\t\t\t\t\t\t<# }); #>\r\n\t\t\t\t\t\t\t\t\t<\/div>\r\n\t\t\t\t\t\t\t\t<# } #>\r\n\t\t\t\t\t\t\t<# } #>\r\n\t\t\t\t\t\t<\/div>\r\n\t\t\t\t\t<\/div>\r\n\t\t\t\t\t<div class=\"jb-row-info\">\r\n\t\t\t\t\t\t<div class=\"jb-row-left-side\">\r\n\t\t\t\t\t\t\t<# if ( job.company.name ) { #>\r\n\t\t\t\t\t\t\t\t<div class=\"company\">\r\n\t\t\t\t\t\t\t\t\t<i class=\"far fa-building\"><\/i>\r\n\t\t\t\t\t\t\t\t\t<span title=\"{{{job.company.tagline}}}\">\r\n\t\t\t\t\t\t\t\t\t\t{{{job.company.name}}}\r\n\t\t\t\t\t\t\t\t\t<\/span>\r\n\t\t\t\t\t\t\t\t<\/div>\r\n\t\t\t\t\t\t\t<# } #>\r\n\r\n\t\t\t\t\t\t\t<# if ( job.location ) { #>\r\n\t\t\t\t\t\t\t\t<div class=\"location\">\r\n\t\t\t\t\t\t\t\t\t<i class=\"fas fa-map-marker-alt\"><\/i>\r\n\t\t\t\t\t\t\t\t\t{{{job.location}}}\r\n\t\t\t\t\t\t\t\t<\/div>\r\n\t\t\t\t\t\t\t<# } #>\r\n\r\n\t\t\t\t\t\t\t\t\t\t\t\t\t\t\t<# if ( job.category ) { #>\r\n\t\t\t\t\t\t\t\t\t<div class=\"category\">\r\n\t\t\t\t\t\t\t\t\t\t{{{job.category}}}\r\n\t\t\t\t\t\t\t\t\t<\/div>\r\n\t\t\t\t\t\t\t\t<# } #>\r\n\t\t\t\t\t\t\t\r\n\t\t\t\t\t\t\t<div class=\"jb-responsive jb-ui-s jb-ui-xs date\" title=\"Posted\">\r\n\t\t\t\t\t\t\t\t<i class=\"far fa-calendar-alt\"><\/i>\r\n\t\t\t\t\t\t\t\tPosted {{{job.date}}}\r\n\t\t\t\t\t\t\t<\/div>\r\n\r\n\t\t\t\t\t\t\t<# if ( job.expires ) { #>\r\n\t\t\t\t\t\t\t\t<div class=\"expires\" title=\"Expires\">\r\n\t\t\t\t\t\t\t\t\t<i class=\"fa fa-calendar-times-o\"><\/i>\r\n\t\t\t\t\t\t\t\t\tClosing on {{{job.expires}}}\r\n\t\t\t\t\t\t\t\t<\/div>\r\n\t\t\t\t\t\t\t<# } #>\r\n\t\t\t\t\t\t<\/div>\r\n\t\t\t\t\t\t<div class=\"jb-row-right-side\">\r\n\t\t\t\t\t\t\t<div class=\"date jb-responsive jb-ui-m jb-ui-l jb-ui-xl date\" title=\"Posted\">\r\n\t\t\t\t\t\t\t\t{{{job.date}}}\r\n\t\t\t\t\t\t\t<\/div>\r\n\t\t\t\t\t\t\t<div class=\"jb-row-right-side-line\">\r\n\t\t\t\t\t\t\t\t<# if ( job.featured ) { #>\r\n\t\t\t\t\t\t\t\t\t<div class=\"jb-job-featured jb-responsive jb-ui-s jb-ui-xs\">Featured<\/div>\r\n\t\t\t\t\t\t\t\t<# } #>\r\n\t\t\t\t\t\t\t\t<# if ( ! data.hide_job_types ) { #>\r\n\t\t\t\t\t\t\t\t\t<# if ( job.types.length > 0 ) { #>\r\n\t\t\t\t\t\t\t\t\t\t<div class=\"jb-job-types jb-responsive jb-ui-s jb-ui-xs\">\r\n\t\t\t\t\t\t\t\t\t\t\t<# _.each( job.types, function( type, t_key, t_list ) { #>\r\n\t\t\t\t\t\t\t\t\t\t\t\t<div class=\"jb-job-type\" style=\"color:{{{type.color}}};background:{{{type.bg_color}}};\">\r\n\t\t\t\t\t\t\t\t\t\t\t\t\t{{{type.name}}}\r\n\t\t\t\t\t\t\t\t\t\t\t\t<\/div>\r\n\t\t\t\t\t\t\t\t\t\t\t<# }); #>\r\n\t\t\t\t\t\t\t\t\t\t<\/div>\r\n\t\t\t\t\t\t\t\t\t<# } #>\r\n\t\t\t\t\t\t\t\t<# } #>\r\n\t\t\t\t\t\t\t<\/div>\r\n\t\t\t\t\t\t<\/div>\r\n\t\t\t\t\t<\/div>\r\n\t\t\t\t<\/div>\r\n\t\t\t\t<# if ( job.actions.length > 0 ) { #>\r\n\t\t\t\t\t<div class=\"jb-row-actions\">\r\n\t\t\t\t\t\t<# _.each( job.actions, function( action, a_key, a_list ) { #>\r\n\t\t\t\t\t\t\t<# if ( action.html ) { #>\r\n\t\t\t\t\t\t\t\t{{{action.html}}}\r\n\t\t\t\t\t\t\t<# } else { #>\r\n\t\t\t\t\t\t\t\t<a href=\"{{{action.url}}}\" class=\"{{{action.class}}}\">\r\n\t\t\t\t\t\t\t\t\t<i class=\"{{{action.img}}}\"><\/i>\r\n\t\t\t\t\t\t\t\t<\/a>\r\n\t\t\t\t\t\t\t<# } #>\r\n\t\t\t\t\t\t<# }); #>\r\n\t\t\t\t\t<\/div>\r\n\t\t\t\t<# } #>\r\n\t\t\t<\/div>\r\n\t\t<# }); #>\r\n\t<# } #>\r\n<\/script>\r\n\r\n<div class=\"jb-jobs-wrapper\"><\/div>\r\n\r\n<div class=\"jb-jobs-pagination-box\">\r\n\t<a href=\"javascript:void(0);\" class=\"jb-load-more-jobs\">\r\n\t\tLoad more jobs\t<\/a>\r\n<\/div>\r\n<\/div>\r\n<\/div>\n\t\t\t\t\t\t<\/div>\n\t\t\t\t<\/div>\n\t\t\t\t\t<\/div>\n\t\t<\/div>\n\t\t\t\t\t<\/div>\n\t\t<\/section>\n\t\t\t\t<\/div>\n\t\t","protected":false},"excerpt":{"rendered":"","protected":false},"author":1,"featured_media":0,"parent":0,"menu_order":0,"comment_status":"closed","ping_status":"closed","template":"","meta":{"_acf_changed":false,"_monsterinsights_skip_tracking":false,"_monsterinsights_sitenote_active":false,"_monsterinsights_sitenote_note":"","_monsterinsights_sitenote_category":0,"site-sidebar-layout":"no-sidebar","site-content-layout":"page-builder","ast-site-content-layout":"","site-content-style":"default","site-sidebar-style":"default","ast-global-header-display":"","ast-banner-title-visibility":"","ast-main-header-display":"","ast-hfb-above-header-display":"","ast-hfb-below-header-display":"","ast-hfb-mobile-header-display":"","site-post-title":"disabled","ast-breadcrumbs-content":"","ast-featured-img":"disabled","footer-sml-layout":"","theme-transparent-header-meta":"","adv-header-id-meta":"","stick-header-meta":"","header-above-stick-meta":"","header-main-stick-meta":"","header-below-stick-meta":"","astra-migrate-meta-layouts":"default","ast-page-background-enabled":"default","ast-page-background-meta":{"desktop":{"background-color":"var(--ast-global-color-4)","background-image":"","background-repeat":"repeat","background-position":"center center","background-size":"auto","background-attachment":"scroll","background-type":"","background-media":"","overlay-type":"","overlay-color":"","overlay-opacity":"","overlay-gradient":""},"tablet":{"background-color":"","background-image":"","background-repeat":"repeat","background-position":"center center","background-size":"auto","background-attachment":"scroll","background-type":"","background-media":"","overlay-type":"","overlay-color":"","overlay-opacity":"","overlay-gradient":""},"mobile":{"background-color":"","background-image":"","background-repeat":"repeat","background-position":"center center","background-size":"auto","background-attachment":"scroll","background-type":"","background-media":"","overlay-type":"","overlay-color":"","overlay-opacity":"","overlay-gradient":""}},"ast-content-background-meta":{"desktop":{"background-color":"var(--ast-global-color-5)","background-image":"","background-repeat":"repeat","background-position":"center center","background-size":"auto","background-attachment":"scroll","background-type":"","background-media":"","overlay-type":"","overlay-color":"","overlay-opacity":"","overlay-gradient":""},"tablet":{"background-color":"var(--ast-global-color-5)","background-image":"","background-repeat":"repeat","background-position":"center center","background-size":"auto","background-attachment":"scroll","background-type":"","background-media":"","overlay-type":"","overlay-color":"","overlay-opacity":"","overlay-gradient":""},"mobile":{"background-color":"var(--ast-global-color-5)","background-image":"","background-repeat":"repeat","background-position":"center center","background-size":"auto","background-attachment":"scroll","background-type":"","background-media":"","overlay-type":"","overlay-color":"","overlay-opacity":"","overlay-gradient":""}},"footnotes":""},"class_list":["post-13","page","type-page","status-publish","hentry"],"acf":[],"yoast_head":"<!-- This site is optimized with the Yoast SEO plugin v27.5 - https:\/\/yoast.com\/product\/yoast-seo-wordpress\/ -->\n<title>Ty\u00f6paikat - Solwers Oyj<\/title>\n<meta name=\"robots\" content=\"index, follow, max-snippet:-1, max-image-preview:large, max-video-preview:-1\" \/>\n<link rel=\"canonical\" href=\"https:\/\/solwers.com\/fi\/tyopaikat\/\" \/>\n<meta property=\"og:locale\" content=\"fi_FI\" \/>\n<meta property=\"og:type\" content=\"article\" \/>\n<meta property=\"og:title\" content=\"Ty\u00f6paikat - Solwers Oyj\" \/>\n<meta property=\"og:url\" content=\"https:\/\/solwers.com\/fi\/tyopaikat\/\" \/>\n<meta property=\"og:site_name\" content=\"Solwers Oyj\" \/>\n<meta property=\"article:modified_time\" content=\"2022-02-03T12:33:46+00:00\" \/>\n<meta name=\"twitter:card\" content=\"summary_large_image\" \/>\n<script type=\"application\/ld+json\" class=\"yoast-schema-graph\">{\"@context\":\"https:\\\/\\\/schema.org\",\"@graph\":[{\"@type\":\"WebPage\",\"@id\":\"https:\\\/\\\/solwers.com\\\/fi\\\/tyopaikat\\\/\",\"url\":\"https:\\\/\\\/solwers.com\\\/fi\\\/tyopaikat\\\/\",\"name\":\"Ty\u00f6paikat - Solwers Oyj\",\"isPartOf\":{\"@id\":\"https:\\\/\\\/solwers.com\\\/fi\\\/#website\"},\"datePublished\":\"2022-02-03T11:07:18+00:00\",\"dateModified\":\"2022-02-03T12:33:46+00:00\",\"breadcrumb\":{\"@id\":\"https:\\\/\\\/solwers.com\\\/fi\\\/tyopaikat\\\/#breadcrumb\"},\"inLanguage\":\"fi\",\"potentialAction\":[{\"@type\":\"ReadAction\",\"target\":[\"https:\\\/\\\/solwers.com\\\/fi\\\/tyopaikat\\\/\"]}]},{\"@type\":\"BreadcrumbList\",\"@id\":\"https:\\\/\\\/solwers.com\\\/fi\\\/tyopaikat\\\/#breadcrumb\",\"itemListElement\":[{\"@type\":\"ListItem\",\"position\":1,\"name\":\"Solwers\",\"item\":\"https:\\\/\\\/solwers.com\\\/fi\\\/\"},{\"@type\":\"ListItem\",\"position\":2,\"name\":\"Ty\u00f6paikat\"}]},{\"@type\":\"WebSite\",\"@id\":\"https:\\\/\\\/solwers.com\\\/fi\\\/#website\",\"url\":\"https:\\\/\\\/solwers.com\\\/fi\\\/\",\"name\":\"Solwers Oyj\",\"description\":\"We are Solwers\",\"publisher\":{\"@id\":\"https:\\\/\\\/solwers.com\\\/fi\\\/#organization\"},\"potentialAction\":[{\"@type\":\"SearchAction\",\"target\":{\"@type\":\"EntryPoint\",\"urlTemplate\":\"https:\\\/\\\/solwers.com\\\/fi\\\/?s={search_term_string}\"},\"query-input\":{\"@type\":\"PropertyValueSpecification\",\"valueRequired\":true,\"valueName\":\"search_term_string\"}}],\"inLanguage\":\"fi\"},{\"@type\":\"Organization\",\"@id\":\"https:\\\/\\\/solwers.com\\\/fi\\\/#organization\",\"name\":\"Solwers Oyj\",\"url\":\"https:\\\/\\\/solwers.com\\\/fi\\\/\",\"logo\":{\"@type\":\"ImageObject\",\"inLanguage\":\"fi\",\"@id\":\"https:\\\/\\\/solwers.com\\\/fi\\\/#\\\/schema\\\/logo\\\/image\\\/\",\"url\":\"https:\\\/\\\/solwers.com\\\/wp-content\\\/uploads\\\/2022\\\/02\\\/solwers_logo_black@2x.png\",\"contentUrl\":\"https:\\\/\\\/solwers.com\\\/wp-content\\\/uploads\\\/2022\\\/02\\\/solwers_logo_black@2x.png\",\"width\":796,\"height\":120,\"caption\":\"Solwers Oyj\"},\"image\":{\"@id\":\"https:\\\/\\\/solwers.com\\\/fi\\\/#\\\/schema\\\/logo\\\/image\\\/\"}}]}<\/script>\n<!-- \/ Yoast SEO plugin. -->","yoast_head_json":{"title":"Ty\u00f6paikat - Solwers Oyj","robots":{"index":"index","follow":"follow","max-snippet":"max-snippet:-1","max-image-preview":"max-image-preview:large","max-video-preview":"max-video-preview:-1"},"canonical":"https:\/\/solwers.com\/fi\/tyopaikat\/","og_locale":"fi_FI","og_type":"article","og_title":"Ty\u00f6paikat - Solwers Oyj","og_url":"https:\/\/solwers.com\/fi\/tyopaikat\/","og_site_name":"Solwers Oyj","article_modified_time":"2022-02-03T12:33:46+00:00","twitter_card":"summary_large_image","schema":{"@context":"https:\/\/schema.org","@graph":[{"@type":"WebPage","@id":"https:\/\/solwers.com\/fi\/tyopaikat\/","url":"https:\/\/solwers.com\/fi\/tyopaikat\/","name":"Ty\u00f6paikat - Solwers Oyj","isPartOf":{"@id":"https:\/\/solwers.com\/fi\/#website"},"datePublished":"2022-02-03T11:07:18+00:00","dateModified":"2022-02-03T12:33:46+00:00","breadcrumb":{"@id":"https:\/\/solwers.com\/fi\/tyopaikat\/#breadcrumb"},"inLanguage":"fi","potentialAction":[{"@type":"ReadAction","target":["https:\/\/solwers.com\/fi\/tyopaikat\/"]}]},{"@type":"BreadcrumbList","@id":"https:\/\/solwers.com\/fi\/tyopaikat\/#breadcrumb","itemListElement":[{"@type":"ListItem","position":1,"name":"Solwers","item":"https:\/\/solwers.com\/fi\/"},{"@type":"ListItem","position":2,"name":"Ty\u00f6paikat"}]},{"@type":"WebSite","@id":"https:\/\/solwers.com\/fi\/#website","url":"https:\/\/solwers.com\/fi\/","name":"Solwers Oyj","description":"We are Solwers","publisher":{"@id":"https:\/\/solwers.com\/fi\/#organization"},"potentialAction":[{"@type":"SearchAction","target":{"@type":"EntryPoint","urlTemplate":"https:\/\/solwers.com\/fi\/?s={search_term_string}"},"query-input":{"@type":"PropertyValueSpecification","valueRequired":true,"valueName":"search_term_string"}}],"inLanguage":"fi"},{"@type":"Organization","@id":"https:\/\/solwers.com\/fi\/#organization","name":"Solwers Oyj","url":"https:\/\/solwers.com\/fi\/","logo":{"@type":"ImageObject","inLanguage":"fi","@id":"https:\/\/solwers.com\/fi\/#\/schema\/logo\/image\/","url":"https:\/\/solwers.com\/wp-content\/uploads\/2022\/02\/solwers_logo_black@2x.png","contentUrl":"https:\/\/solwers.com\/wp-content\/uploads\/2022\/02\/solwers_logo_black@2x.png","width":796,"height":120,"caption":"Solwers Oyj"},"image":{"@id":"https:\/\/solwers.com\/fi\/#\/schema\/logo\/image\/"}}]}},"_links":{"self":[{"href":"https:\/\/solwers.com\/fi\/wp-json\/wp\/v2\/pages\/13","targetHints":{"allow":["GET"]}}],"collection":[{"href":"https:\/\/solwers.com\/fi\/wp-json\/wp\/v2\/pages"}],"about":[{"href":"https:\/\/solwers.com\/fi\/wp-json\/wp\/v2\/types\/page"}],"author":[{"embeddable":true,"href":"https:\/\/solwers.com\/fi\/wp-json\/wp\/v2\/users\/1"}],"replies":[{"embeddable":true,"href":"https:\/\/solwers.com\/fi\/wp-json\/wp\/v2\/comments?post=13"}],"version-history":[{"count":10,"href":"https:\/\/solwers.com\/fi\/wp-json\/wp\/v2\/pages\/13\/revisions"}],"predecessor-version":[{"id":40,"href":"https:\/\/solwers.com\/fi\/wp-json\/wp\/v2\/pages\/13\/revisions\/40"}],"wp:attachment":[{"href":"https:\/\/solwers.com\/fi\/wp-json\/wp\/v2\/media?parent=13"}],"curies":[{"name":"wp","href":"https:\/\/api.w.org\/{rel}","templated":true}]}}